{"id":192,"date":"2020-04-18T23:08:28","date_gmt":"2020-04-18T23:08:28","guid":{"rendered":"https:\/\/facultadbautista.org\/?page_id=192"},"modified":"2020-04-19T01:24:06","modified_gmt":"2020-04-19T01:24:06","slug":"profesorado-en-teologia","status":"publish","type":"page","link":"https:\/\/facultadbautista.org\/index.php\/profesorado-en-teologia\/","title":{"rendered":"Profesorado en Teolog\u00eda"},"content":{"rendered":"\t\t<div data-elementor-type=\"wp-page\" data-elementor-id=\"192\" class=\"elementor elementor-192\">\n\t\t\t\t\t\t<div class=\"elementor-inner\">\n\t\t\t\t<div class=\"elementor-section-wrap\">\n\t\t\t\t\t\t\t\t\t<section class=\"elementor-section elementor-top-section elementor-element elementor-element-233ce89 elementor-section-boxed elementor-section-height-default elementor-section-height-default\" data-id=\"233ce89\" data-element_type=\"section\">\n\t\t\t\t\t\t<div class=\"elementor-container elementor-column-gap-default\">\n\t\t\t\t\t\t\t<div class=\"elementor-row\">\n\t\t\t\t\t<div class=\"elementor-column elementor-col-50 elementor-top-column elementor-element elementor-element-11e5509\" data-id=\"11e5509\" data-element_type=\"column\">\n\t\t\t<div class=\"elementor-column-wrap elementor-element-populated\">\n\t\t\t\t\t\t\t<div class=\"elementor-widget-wrap\">\n\t\t\t\t\t\t<div class=\"elementor-element elementor-element-152f21e elementor-widget elementor-widget-text-editor\" data-id=\"152f21e\" data-element_type=\"widget\" data-widget_type=\"text-editor.default\">\n\t\t\t\t<div class=\"elementor-widget-container\">\n\t\t\t\t\t\t\t\t<div class=\"elementor-text-editor elementor-clearfix\">\n\t\t\t\t<p><span style=\"font-weight: bold; color: #dba843; font-family: Arial, sans-serif; font-size: 16px; font-style: normal; text-align: justify;\"><i>Descripci\u00f3n:<\/i><\/span><\/p><p>Este programa esta dise\u00f1ado para que el estudiante a tiempo completo lo pueda cursar en tres a\u00f1os, para ingresar al programa se debe tener el bachillerato aprobado.<\/p><p>El prop\u00f3sito del programa es capacitar al estudiante para la presentaci\u00f3n y comunicaci\u00f3n eficaz de la Palabra de Dios, haciendo \u00e9nfasis en el ministerio docente-pastoral. Este programa se profundiza en el estudio del idioma griego como idioma b\u00edblico y se incluye la practica supervisada.<\/p><p>El programa consta de 36 cursos, que equivalen a 111 horas-cr\u00e9dito (12 diplomado + 12 bachillerato +13 del programa) y el estudiante a tiempo completo lo podr\u00e1 finalizar en tres a\u00f1os.<\/p>\t\t\t\t\t<\/div>\n\t\t\t\t\t\t<\/div>\n\t\t\t\t<\/div>\n\t\t\t\t\t\t<\/div>\n\t\t\t\t\t<\/div>\n\t\t<\/div>\n\t\t\t\t<div class=\"elementor-column elementor-col-50 elementor-top-column elementor-element elementor-element-f3c2dd8\" data-id=\"f3c2dd8\" data-element_type=\"column\">\n\t\t\t<div class=\"elementor-column-wrap elementor-element-populated\">\n\t\t\t\t\t\t\t<div class=\"elementor-widget-wrap\">\n\t\t\t\t\t\t<div class=\"elementor-element elementor-element-1ea2cdf elementor-widget elementor-widget-text-editor\" data-id=\"1ea2cdf\" data-element_type=\"widget\" data-widget_type=\"text-editor.default\">\n\t\t\t\t<div class=\"elementor-widget-container\">\n\t\t\t\t\t\t\t\t<div class=\"elementor-text-editor elementor-clearfix\">\n\t\t\t\t<p><i style=\"text-align: justify; color: #dba843; font-family: Arial, sans-serif; font-size: 16px; font-weight: bold;\">Requisitos Generales:<\/i><\/p><ul style=\"font-size: 14px; font-style: normal; font-weight: 400;\"><li>Bachillerato o su equivalente.<\/li><li>Tener por lo menos dos a\u00f1os de ser creyente genuino en Cristo.<\/li><li>Estar desempe\u00f1ando un ministerio formal en su iglesia.<\/li><li>Tener convicci\u00f3n de su vocaci\u00f3n y de la direcci\u00f3n del Se\u00f1or para el ministerio cristiano.<\/li><li>Estar de acuerdo con la posici\u00f3n doctrinal de la Instituci\u00f3n.<\/li><li>Presentar carta de recomendaci\u00f3n de su pastor y de dos personas m\u00e1s.<\/li><li>Copia del documento de identificaci\u00f3n (nacionales, DPI; extranjeros, pasaporte)<\/li><li>Dos fotograf\u00edas tama\u00f1o c\u00e9dula.<\/li><li>Firmar el reglamento interno.<\/li><li>Llenar la hoja de solicitud de ingreso.<\/li><\/ul>\t\t\t\t\t<\/div>\n\t\t\t\t\t\t<\/div>\n\t\t\t\t<\/div>\n\t\t\t\t\t\t<\/div>\n\t\t\t\t\t<\/div>\n\t\t<\/div>\n\t\t\t\t\t\t\t\t<\/div>\n\t\t\t\t\t<\/div>\n\t\t<\/section>\n\t\t\t\t<section class=\"elementor-section elementor-top-section elementor-element elementor-element-590498a elementor-section-boxed elementor-section-height-default elementor-section-height-default\" data-id=\"590498a\" data-element_type=\"section\">\n\t\t\t\t\t\t<div class=\"elementor-container elementor-column-gap-default\">\n\t\t\t\t\t\t\t<div class=\"elementor-row\">\n\t\t\t\t\t<div class=\"elementor-column elementor-col-100 elementor-top-column elementor-element elementor-element-51b7722\" data-id=\"51b7722\" data-element_type=\"column\">\n\t\t\t<div class=\"elementor-column-wrap elementor-element-populated\">\n\t\t\t\t\t\t\t<div class=\"elementor-widget-wrap\">\n\t\t\t\t\t\t<div class=\"elementor-element elementor-element-3e64846 elementor-widget elementor-widget-text-editor\" data-id=\"3e64846\" data-element_type=\"widget\" data-widget_type=\"text-editor.default\">\n\t\t\t\t<div class=\"elementor-widget-container\">\n\t\t\t\t\t\t\t\t<div class=\"elementor-text-editor elementor-clearfix\">\n\t\t\t\t<p><i style=\"text-align: justify; color: #dba843; font-family: Arial, sans-serif; font-size: 16px; font-weight: bold;\">Requisitos Acad\u00e9micos:<\/i><\/p>\t\t\t\t\t<\/div>\n\t\t\t\t\t\t<\/div>\n\t\t\t\t<\/div>\n\t\t\t\t<section class=\"elementor-section elementor-inner-section elementor-element elementor-element-0ebe16c elementor-section-boxed elementor-section-height-default elementor-section-height-default\" data-id=\"0ebe16c\" data-element_type=\"section\">\n\t\t\t\t\t\t<div class=\"elementor-container elementor-column-gap-default\">\n\t\t\t\t\t\t\t<div class=\"elementor-row\">\n\t\t\t\t\t<div class=\"elementor-column elementor-col-50 elementor-inner-column elementor-element elementor-element-e9de05b\" data-id=\"e9de05b\" data-element_type=\"column\">\n\t\t\t<div class=\"elementor-column-wrap elementor-element-populated\">\n\t\t\t\t\t\t\t<div class=\"elementor-widget-wrap\">\n\t\t\t\t\t\t<div class=\"elementor-element elementor-element-26bd94a elementor-widget elementor-widget-text-editor\" data-id=\"26bd94a\" data-element_type=\"widget\" data-widget_type=\"text-editor.default\">\n\t\t\t\t<div class=\"elementor-widget-container\">\n\t\t\t\t\t\t\t\t<div class=\"elementor-text-editor elementor-clearfix\">\n\t\t\t\t<ul><li>Cumplir con las 111 horas-cr\u00e9dito.<\/li><li>Cumplir con los requerimientos acad\u00e9micos de cada curso.<\/li><\/ul>\t\t\t\t\t<\/div>\n\t\t\t\t\t\t<\/div>\n\t\t\t\t<\/div>\n\t\t\t\t\t\t<\/div>\n\t\t\t\t\t<\/div>\n\t\t<\/div>\n\t\t\t\t<div class=\"elementor-column elementor-col-50 elementor-inner-column elementor-element elementor-element-98ffc6f\" data-id=\"98ffc6f\" data-element_type=\"column\">\n\t\t\t<div class=\"elementor-column-wrap elementor-element-populated\">\n\t\t\t\t\t\t\t<div class=\"elementor-widget-wrap\">\n\t\t\t\t\t\t<div class=\"elementor-element elementor-element-f59ca89 elementor-widget elementor-widget-text-editor\" data-id=\"f59ca89\" data-element_type=\"widget\" data-widget_type=\"text-editor.default\">\n\t\t\t\t<div class=\"elementor-widget-container\">\n\t\t\t\t\t\t\t\t<div class=\"elementor-text-editor elementor-clearfix\">\n\t\t\t\t<ul><li>Aprobar cada curso con la calificaci\u00f3n m\u00ednima de acuerdo con el nivel acad\u00e9mico (80 puntos).<\/li><li>En tercer a\u00f1o el estudiante debe realizar la pr\u00e1ctica supervisada. Esta se realizar\u00e1 en el tercer trimestre.<\/li><\/ul>\t\t\t\t\t<\/div>\n\t\t\t\t\t\t<\/div>\n\t\t\t\t<\/div>\n\t\t\t\t\t\t<\/div>\n\t\t\t\t\t<\/div>\n\t\t<\/div>\n\t\t\t\t\t\t\t\t<\/div>\n\t\t\t\t\t<\/div>\n\t\t<\/section>\n\t\t\t\t\t\t<\/div>\n\t\t\t\t\t<\/div>\n\t\t<\/div>\n\t\t\t\t\t\t\t\t<\/div>\n\t\t\t\t\t<\/div>\n\t\t<\/section>\n\t\t\t\t<section class=\"elementor-section elementor-top-section elementor-element elementor-element-16ac6a4 elementor-section-boxed elementor-section-height-default elementor-section-height-default\" data-id=\"16ac6a4\" data-element_type=\"section\">\n\t\t\t\t\t\t<div class=\"elementor-container elementor-column-gap-default\">\n\t\t\t\t\t\t\t<div class=\"elementor-row\">\n\t\t\t\t\t<div class=\"elementor-column elementor-col-100 elementor-top-column elementor-element elementor-element-cb7d6f1\" data-id=\"cb7d6f1\" data-element_type=\"column\">\n\t\t\t<div class=\"elementor-column-wrap elementor-element-populated\">\n\t\t\t\t\t\t\t<div class=\"elementor-widget-wrap\">\n\t\t\t\t\t\t<div class=\"elementor-element elementor-element-e0c99e7 elementor-widget elementor-widget-heading\" data-id=\"e0c99e7\" data-element_type=\"widget\" data-widget_type=\"heading.default\">\n\t\t\t\t<div class=\"elementor-widget-container\">\n\t\t\t<h2 class=\"elementor-heading-title elementor-size-default\"><div style=\"text-align: justify;\"><span style=\"font-weight: 600; font-size: 16px; white-space: normal;\"><font color=\"#dba843\" face=\"Arial, sans-serif\"><i>Pensum:<\/i><\/font><\/span><span style=\"font-size: 30px; font-weight: 600;\"><\/span><\/div><\/h2>\t\t<\/div>\n\t\t\t\t<\/div>\n\t\t\t\t\t\t<\/div>\n\t\t\t\t\t<\/div>\n\t\t<\/div>\n\t\t\t\t\t\t\t\t<\/div>\n\t\t\t\t\t<\/div>\n\t\t<\/section>\n\t\t\t\t<section class=\"elementor-section elementor-top-section elementor-element elementor-element-cfe7c1c elementor-section-boxed elementor-section-height-default elementor-section-height-default\" data-id=\"cfe7c1c\" data-element_type=\"section\">\n\t\t\t\t\t\t<div class=\"elementor-container elementor-column-gap-default\">\n\t\t\t\t\t\t\t<div class=\"elementor-row\">\n\t\t\t\t\t<div class=\"elementor-column elementor-col-100 elementor-top-column elementor-element elementor-element-aee2e50\" data-id=\"aee2e50\" data-element_type=\"column\">\n\t\t\t<div class=\"elementor-column-wrap elementor-element-populated\">\n\t\t\t\t\t\t\t<div class=\"elementor-widget-wrap\">\n\t\t\t\t\t\t<div class=\"elementor-element elementor-element-6b07581 elementor-widget elementor-widget-text-editor\" data-id=\"6b07581\" data-element_type=\"widget\" data-widget_type=\"text-editor.default\">\n\t\t\t\t<div class=\"elementor-widget-container\">\n\t\t\t\t\t\t\t\t<div class=\"elementor-text-editor elementor-clearfix\">\n\t\t\t\t<ul><li><strong>PET &#8211; Principios de Ex\u00e9gesis<\/strong>. Es un estudio panor\u00e1mico de los fundamentos y la metodolog\u00eda de la ex\u00e9gesis y la pr\u00e1ctica exeg\u00e9tica de un libro del Nuevo Testamento.<\/li><li><strong>PET &#8211; Teolog\u00eda del Antiguo Testamento. <\/strong>Es una introducci\u00f3n a la teolog\u00eda del Antiguo Testamento, se enfoca en los grandes temas doctrinales bajo un enfoque hist\u00f3rico b\u00edblico y desde una hermen\u00e9utica cristiana. Se enfatiza en la teolog\u00eda del Antiguo Testamento como la base para la fe del Nuevo Testamento.<\/li><li><strong>PET &#8211; Teolog\u00eda del Nuevo Testamento. <\/strong>Es un estudio panor\u00e1mico de los elementos m\u00e1s relevantes de la teolog\u00eda del Antiguo Testamento que le dan continuidad a la teolog\u00eda del Nuevo Testamento. Se da \u00e9nfasis a las ideas teol\u00f3gicas que son distintivas y les dan unidad a los evangelios, Pablo, Juan y los dem\u00e1s escritores del Nuevo Testamento<\/li><li><strong>PET &#8211; Griego II<\/strong>. Es una continuaci\u00f3n de Griego I. Se enfoca en el aprendizaje del art\u00edculo, preposici\u00f3n, cl\u00e1usulas, conjunci\u00f3n y se inicia con las formas verbales con el modo indicativo y se contin\u00faa con el aprendizaje de m\u00e1s vocabulario de palabras griegas.<\/li><li><strong>PET &#8211; Griego III. <\/strong>Es una continuaci\u00f3n de Griego II. Se prosigue con los elementos esenciales de la gram\u00e1tica y la sintaxis griega, especialmente con el sistema verbal en los modos subjuntivos, imperativos, infinitivos y participio. Se contin\u00faa con el aprendizaje de m\u00e1s vocabulario de palabras griegas y se enfatiza en la lectura, traducci\u00f3n y ex\u00e9gesis de textos seleccionados.<\/li><li><strong>PET &#8211; Teolog\u00eda de la Reforma. <\/strong>\u00a0\u201cTeolog\u00eda de la Reforma\u201d propone un acercamiento a la teolog\u00eda protestante del siglo XVI, atendiendo al contexto hist\u00f3rico en que est\u00e1 se produce, las propuestas teol\u00f3gicas de los principales reformadores, las obras que las recogen, el impacto de sus ideas en el mundo cristiano occidental y su relevancia actual para el pensamiento cristiano y el di\u00e1logo ecum\u00e9nico.<\/li><li><strong>PET &#8211; Administraci\u00f3n de la Iglesia y Liderazgo<\/strong>. Es un estudio de la metodolog\u00eda para la planificaci\u00f3n estrat\u00e9gica de la iglesia local, hace \u00e9nfasis en los valores, la misi\u00f3n y la visi\u00f3n del ministerio de la iglesia, analiza tambi\u00e9n el trabajo en equipo, la din\u00e1mica del cambio organizacional, resoluci\u00f3n de conflictos y el manejo del tiempo. Adem\u00e1s, se estudian los principios y caracter\u00edsticas del liderazgo cristiano que ayudan al l\u00edder a desarrollar su funci\u00f3n de liderazgo manera eficaz en la iglesia local.<\/li><li><strong>PET &#8211; \u00c9tica ministerial<\/strong>. Es un estudio de las responsabilidades espirituales, morales y \u00e9ticas que el l\u00edder cristiano debe asumir en su vida personal y profesional, se enfatiza en un c\u00f3digo de \u00e9tica ministerial para un servicio fiel e \u00edntegro del siervo de Dios.\u00a0\u00a0\u00a0\u00a0\u00a0<\/li><li><strong>PET &#8211; Teolog\u00eda de las Misiones<\/strong>. Es un estudio de las bases b\u00edblicas y teol\u00f3gicas que fundamentan el trabajo misionero de la iglesia a nivel local y transcultural. Se estudia de forma hist\u00f3rica y sistem\u00e1tica el desarrollo de las misiones a trav\u00e9s de la historia eclesi\u00e1stica.\u00a0<\/li><li><strong>PET &#8211; Consejer\u00eda Pastoral<\/strong>. Consiste en el estudio te\u00f3rico practico de las diferentes t\u00e9cnicas de consejer\u00eda que existen, para aplicarlos la consejer\u00eda pastoral. Se enfoca en las herramientas que provee la Psicolog\u00eda para una consejer\u00eda efectiva en la iglesia.<\/li><li><strong>PET &#8211; Tecnolog\u00eda Educativa<\/strong>. Es un estudio de los m\u00e9todos y procedimientos de dise\u00f1o, realizaci\u00f3n y evaluaci\u00f3n del proceso de ense\u00f1anza-aprendizaje, as\u00ed como la tecnolog\u00eda que se utiliza para llevar a cabo con mayor efectividad el proceso de ense\u00f1anza-aprendizaje.\u00a0<\/li><li><strong>PET &#8211; Historia de la iglesia II<\/strong>. Es la continuaci\u00f3n de Historia de la Iglesia I. Se enfoca desde el siglo XV con la reforma protestante hasta la \u00e9poca actual. Se analizan las causas mediatas y las inmediatas de la Reforma, y se identifican a los principales personajes del movimiento reformador. Tambi\u00e9n se identifican a los principales movimientos que nacieron de la Reforma y su posterior denominacionalismo.\u00a0<\/li><li><strong>PET &#8211; Pr\u00e1ctica Supervisada. <\/strong>Es la pr\u00e1ctica docente o pastoral que los alumnos realizan en el tercer trimestre del tercer a\u00f1o. Consiste en la aplicaci\u00f3n de todos los conocimientos que los alumnos han adquirido en las clases.<\/li><\/ul>\t\t\t\t\t<\/div>\n\t\t\t\t\t\t<\/div>\n\t\t\t\t<\/div>\n\t\t\t\t\t\t<\/div>\n\t\t\t\t\t<\/div>\n\t\t<\/div>\n\t\t\t\t\t\t\t\t<\/div>\n\t\t\t\t\t<\/div>\n\t\t<\/section>\n\t\t\t\t\t\t\t\t\t<\/div>\n\t\t\t<\/div>\n\t\t\t\t\t<\/div>\n\t\t","protected":false},"excerpt":{"rendered":"<p>Descripci\u00f3n: Este programa esta dise\u00f1ado para que el estudiante a tiempo completo lo pueda cursar en tres a\u00f1os, para ingresar al programa se debe tener el bachillerato aprobado. El prop\u00f3sito del programa es capacitar al estudiante para la presentaci\u00f3n y comunicaci\u00f3n eficaz de la Palabra de Dios, haciendo \u00e9nfasis en el ministerio docente-pastoral. Este programa [&hellip;]<\/p>\n","protected":false},"author":2,"featured_media":0,"parent":0,"menu_order":0,"comment_status":"closed","ping_status":"closed","template":"","meta":{"spay_email":"","footnotes":""},"_links":{"self":[{"href":"https:\/\/facultadbautista.org\/index.php\/wp-json\/wp\/v2\/pages\/192"}],"collection":[{"href":"https:\/\/facultadbautista.org\/index.php\/wp-json\/wp\/v2\/pages"}],"about":[{"href":"https:\/\/facultadbautista.org\/index.php\/wp-json\/wp\/v2\/types\/page"}],"author":[{"embeddable":true,"href":"https:\/\/facultadbautista.org\/index.php\/wp-json\/wp\/v2\/users\/2"}],"replies":[{"embeddable":true,"href":"https:\/\/facultadbautista.org\/index.php\/wp-json\/wp\/v2\/comments?post=192"}],"version-history":[{"count":4,"href":"https:\/\/facultadbautista.org\/index.php\/wp-json\/wp\/v2\/pages\/192\/revisions"}],"predecessor-version":[{"id":229,"href":"https:\/\/facultadbautista.org\/index.php\/wp-json\/wp\/v2\/pages\/192\/revisions\/229"}],"wp:attachment":[{"href":"https:\/\/facultadbautista.org\/index.php\/wp-json\/wp\/v2\/media?parent=192"}],"curies":[{"name":"wp","href":"https:\/\/api.w.org\/{rel}","templated":true}]}}