{"id":47,"date":"2020-03-26T00:52:24","date_gmt":"2020-03-26T00:52:24","guid":{"rendered":"https:\/\/faultadbautista.org\/?page_id=47"},"modified":"2020-04-07T00:48:33","modified_gmt":"2020-04-07T00:48:33","slug":"profesores","status":"publish","type":"page","link":"https:\/\/facultadbautista.org\/index.php\/profesores\/","title":{"rendered":"Profesores"},"content":{"rendered":"\n<div class='rt-container-fluid rt-team-container rt-pos-r rt-team-container-52' id='rt-team-container-544040387'  data-layout='layout3' data-desktop-col='4'  data-tab-col='2'  data-mobile-col='1' data-sc-id='52' data-popup-bg=''><div data-title='Loading ...' class='rt-row rt-content-loader layout3 ttp-even ttp-pre-loader'><div class=\"rt-col-md-3 rt-col-sm-6 rt-col-xs-12  even-grid-item rt-grid-item round-img\" data-id=\"56\"><div class=\"single-team-area\"><figure><img width=\"150\" height=\"150\" src=\"https:\/\/facultadbautista.org\/wp-content\/uploads\/2020\/03\/Yvonne_Rosales-150x150.png\" class=\"img-responsive rt-team-img\" alt=\"Yvonne Morales de Rosales, MA.\" loading=\"lazy\" \/><\/figure><div class=\"tlp-content\"><h3><span class=\"team-name\">Yvonne Morales de Rosales, MA.<\/span><\/h3><div class=\"tlp-position\">Profesora<\/div><\/div><\/div><\/div><div class=\"rt-col-md-3 rt-col-sm-6 rt-col-xs-12  even-grid-item rt-grid-item round-img\" data-id=\"62\"><div class=\"single-team-area\"><figure><img width=\"150\" height=\"150\" src=\"https:\/\/facultadbautista.org\/wp-content\/uploads\/2020\/03\/Gladdys_Sagastume-150x150.jpg\" class=\"img-responsive rt-team-img\" alt=\"Profa. Gladys Montalvan Sagastume\" loading=\"lazy\" \/><\/figure><div class=\"tlp-content\"><h3><span class=\"team-name\">Profa. Gladys Montalvan Sagastume<\/span><\/h3><div class=\"tlp-position\">Profesora<\/div><\/div><\/div><\/div><div class=\"rt-col-md-3 rt-col-sm-6 rt-col-xs-12  even-grid-item rt-grid-item round-img\" data-id=\"70\"><div class=\"single-team-area\"><figure><img width=\"150\" height=\"150\" src=\"https:\/\/facultadbautista.org\/wp-content\/uploads\/2020\/03\/Maria_Hernandez.jpeg-150x150.png\" class=\"img-responsive rt-team-img\" alt=\"Licda. Mar\u00eda Victoria Flores Hern\u00e1ndez\" loading=\"lazy\" \/><\/figure><div class=\"tlp-content\"><h3><span class=\"team-name\">Licda. Mar\u00eda Victoria Flores Hern\u00e1ndez<\/span><\/h3><div class=\"tlp-position\">Profesora<\/div><\/div><\/div><\/div><div class=\"rt-col-md-3 rt-col-sm-6 rt-col-xs-12  even-grid-item rt-grid-item round-img\" data-id=\"53\"><div class=\"single-team-area\"><figure><img width=\"150\" height=\"150\" src=\"https:\/\/facultadbautista.org\/wp-content\/uploads\/2020\/03\/Samuel_Lopez-e1585679014787-150x150.jpeg\" class=\"img-responsive rt-team-img\" alt=\"Lic. Samuel Lopez Pacheco\" loading=\"lazy\" \/><\/figure><div class=\"tlp-content\"><h3><span class=\"team-name\">Lic. Samuel Lopez Pacheco<\/span><\/h3><div class=\"tlp-position\">Profesor<\/div><\/div><\/div><\/div><div class=\"rt-col-md-3 rt-col-sm-6 rt-col-xs-12  even-grid-item rt-grid-item round-img\" data-id=\"128\"><div class=\"single-team-area\"><figure><img width=\"150\" height=\"150\" src=\"https:\/\/facultadbautista.org\/wp-content\/uploads\/2020\/03\/Ricardo_Choguis-150x150.png\" class=\"img-responsive rt-team-img\" alt=\"Lic. Luis Ricardo Carrillo Choguis\" loading=\"lazy\" \/><\/figure><div class=\"tlp-content\"><h3><span class=\"team-name\">Lic. Luis Ricardo Carrillo Choguis<\/span><\/h3><div class=\"tlp-position\">Profesor<\/div><\/div><\/div><\/div><div class=\"rt-col-md-3 rt-col-sm-6 rt-col-xs-12  even-grid-item rt-grid-item round-img\" data-id=\"68\"><div class=\"single-team-area\"><figure><img width=\"150\" height=\"150\" src=\"https:\/\/facultadbautista.org\/wp-content\/uploads\/2020\/03\/Jose_Gonzalez-150x150.jpeg\" class=\"img-responsive rt-team-img\" alt=\"Lic. Jos\u00e9 \u00c1ngel Samol Gonz\u00e1lez\" loading=\"lazy\" \/><\/figure><div class=\"tlp-content\"><h3><span class=\"team-name\">Lic. Jos\u00e9 \u00c1ngel Samol Gonz\u00e1lez<\/span><\/h3><div class=\"tlp-position\">Profesor<\/div><\/div><\/div><\/div><div class=\"rt-col-md-3 rt-col-sm-6 rt-col-xs-12  even-grid-item rt-grid-item round-img\" data-id=\"50\"><div class=\"single-team-area\"><figure><img width=\"150\" height=\"150\" src=\"https:\/\/facultadbautista.org\/wp-content\/uploads\/2020\/03\/Irwin_Lopez1-150x150.png\" class=\"img-responsive rt-team-img\" alt=\"Lic. Irwin A. L\u00f3pez\" loading=\"lazy\" \/><\/figure><div class=\"tlp-content\"><h3><span class=\"team-name\">Lic. Irwin A. L\u00f3pez<\/span><\/h3><div class=\"tlp-position\">Profesor<\/div><\/div><\/div><\/div><div class=\"rt-col-md-3 rt-col-sm-6 rt-col-xs-12  even-grid-item rt-grid-item round-img\" data-id=\"275\"><div class=\"single-team-area\"><figure><img width=\"150\" height=\"150\" src=\"https:\/\/facultadbautista.org\/wp-content\/uploads\/2020\/06\/950d81e7-4a77-4476-b7a6-eaefba510a5a-150x150.jpg\" class=\"img-responsive rt-team-img\" alt=\"Lic. Hector Orlando Bacajol Tuy\" loading=\"lazy\" \/><\/figure><div class=\"tlp-content\"><h3><span class=\"team-name\">Lic. Hector Orlando Bacajol Tuy<\/span><\/h3><div class=\"tlp-position\">Profesor<\/div><\/div><\/div><\/div><div class=\"rt-col-md-3 rt-col-sm-6 rt-col-xs-12  even-grid-item rt-grid-item round-img\" data-id=\"260\"><div class=\"single-team-area\"><figure><img width=\"150\" height=\"150\" src=\"https:\/\/facultadbautista.org\/wp-content\/uploads\/2020\/05\/94567845_2964547603771742_5091122441606922240_n-150x150.jpg\" class=\"img-responsive rt-team-img\" alt=\"Lic. Gabriel Antonio Mart\u00ednez G.\" loading=\"lazy\" \/><\/figure><div class=\"tlp-content\"><h3><span class=\"team-name\">Lic. Gabriel Antonio Mart\u00ednez G.<\/span><\/h3><div class=\"tlp-position\">Profesor<\/div><\/div><\/div><\/div><div class=\"rt-col-md-3 rt-col-sm-6 rt-col-xs-12  even-grid-item rt-grid-item round-img\" data-id=\"64\"><div class=\"single-team-area\"><figure><img width=\"150\" height=\"150\" src=\"https:\/\/facultadbautista.org\/wp-content\/uploads\/2020\/03\/Einar_Garcia-150x150.jpeg\" class=\"img-responsive rt-team-img\" alt=\"Lic. Einar Leonardo Yax Garc\u00eda\" loading=\"lazy\" \/><\/figure><div class=\"tlp-content\"><h3><span class=\"team-name\">Lic. Einar Leonardo Yax Garc\u00eda<\/span><\/h3><div class=\"tlp-position\">Profesor<\/div><\/div><\/div><\/div><div class=\"rt-col-md-3 rt-col-sm-6 rt-col-xs-12  even-grid-item rt-grid-item round-img\" data-id=\"66\"><div class=\"single-team-area\"><figure><img width=\"150\" height=\"150\" src=\"https:\/\/facultadbautista.org\/wp-content\/uploads\/2020\/03\/El-Carlos-Lemis-150x150.jpg\" class=\"img-responsive rt-team-img\" alt=\"Lic. Carlos Lemus Barrios\" loading=\"lazy\" \/><\/figure><div class=\"tlp-content\"><h3><span class=\"team-name\">Lic. Carlos Lemus Barrios<\/span><\/h3><div class=\"tlp-position\">Profesor y Director de Medios<\/div><\/div><\/div><\/div><div class=\"rt-col-md-3 rt-col-sm-6 rt-col-xs-12  even-grid-item rt-grid-item round-img\" data-id=\"74\"><div class=\"single-team-area\"><figure><img width=\"150\" height=\"150\" src=\"https:\/\/facultadbautista.org\/wp-content\/uploads\/2020\/03\/Carlos_Diaz-150x150.jpeg\" class=\"img-responsive rt-team-img\" alt=\"Lic. Carlos David D\u00edaz Cano\" loading=\"lazy\" \/><\/figure><div class=\"tlp-content\"><h3><span class=\"team-name\">Lic. Carlos David D\u00edaz Cano<\/span><\/h3><div class=\"tlp-position\">Profesor<\/div><\/div><\/div><\/div><div class=\"rt-col-md-3 rt-col-sm-6 rt-col-xs-12  even-grid-item rt-grid-item round-img\" data-id=\"72\"><div class=\"single-team-area\"><figure><img width=\"150\" height=\"150\" src=\"https:\/\/facultadbautista.org\/wp-content\/uploads\/2020\/03\/Waldemar_Moralez-150x150.jpeg\" class=\"img-responsive rt-team-img\" alt=\"Julio Waldemar Morales Roca, Th. M.\" loading=\"lazy\" \/><\/figure><div class=\"tlp-content\"><h3><span class=\"team-name\">Julio Waldemar Morales Roca, Th. M.<\/span><\/h3><div class=\"tlp-position\">Presidente<\/div><\/div><\/div><\/div><div class=\"rt-col-md-3 rt-col-sm-6 rt-col-xs-12  even-grid-item rt-grid-item round-img\" data-id=\"58\"><div class=\"single-team-area\"><figure><img width=\"150\" height=\"150\" src=\"https:\/\/facultadbautista.org\/wp-content\/uploads\/2020\/03\/b3922655-4271-489a-b71a-504e46e6533a-150x150.jpg\" class=\"img-responsive rt-team-img\" alt=\"Jos\u00e9 Estuardo Andres Cabrera, Th. M.\" loading=\"lazy\" \/><\/figure><div class=\"tlp-content\"><h3><span class=\"team-name\">Jos\u00e9 Estuardo Andres Cabrera, Th. M.<\/span><\/h3><div class=\"tlp-position\">Decano Acad\u00e9mico<\/div><\/div><\/div><\/div><div class=\"rt-loading-overlay\"><\/div><div class=\"rt-loading rt-ball-clip-rotate\"><div><\/div><\/div><\/div><\/div>\n","protected":false},"excerpt":{"rendered":"","protected":false},"author":1,"featured_media":0,"parent":0,"menu_order":0,"comment_status":"closed","ping_status":"closed","template":"","meta":{"spay_email":"","footnotes":""},"_links":{"self":[{"href":"https:\/\/facultadbautista.org\/index.php\/wp-json\/wp\/v2\/pages\/47"}],"collection":[{"href":"https:\/\/facultadbautista.org\/index.php\/wp-json\/wp\/v2\/pages"}],"about":[{"href":"https:\/\/facultadbautista.org\/index.php\/wp-json\/wp\/v2\/types\/page"}],"author":[{"embeddable":true,"href":"https:\/\/facultadbautista.org\/index.php\/wp-json\/wp\/v2\/users\/1"}],"replies":[{"embeddable":true,"href":"https:\/\/facultadbautista.org\/index.php\/wp-json\/wp\/v2\/comments?post=47"}],"version-history":[{"count":3,"href":"https:\/\/facultadbautista.org\/index.php\/wp-json\/wp\/v2\/pages\/47\/revisions"}],"predecessor-version":[{"id":61,"href":"https:\/\/facultadbautista.org\/index.php\/wp-json\/wp\/v2\/pages\/47\/revisions\/61"}],"wp:attachment":[{"href":"https:\/\/facultadbautista.org\/index.php\/wp-json\/wp\/v2\/media?parent=47"}],"curies":[{"name":"wp","href":"https:\/\/api.w.org\/{rel}","templated":true}]}}