{"id":76,"date":"2020-03-26T02:15:36","date_gmt":"2020-03-26T02:15:36","guid":{"rendered":"https:\/\/faultadbautista.org\/?page_id=76"},"modified":"2020-05-20T01:08:26","modified_gmt":"2020-05-20T01:08:26","slug":"declaracion-de-fe","status":"publish","type":"page","link":"https:\/\/facultadbautista.org\/index.php\/seminario\/declaracion-de-fe\/","title":{"rendered":"DECLARACION DE FE"},"content":{"rendered":"\n<p><strong>DECLARACION DE FE<\/strong><\/p>\n\n\n\n<p>Nuestra declaraci\u00f3n de fe Bautista, tiene como \u00fanico prop\u00f3sito guiar a las personas a que conozcan nuestras creencias. No es un intento de agregar algo m\u00e1s a las Sagradas Escrituras sino una presentaci\u00f3n sistem\u00e1tica de lo que se ense\u00f1a en ellas. La autoridad para\u00a0 fundamentar lo que creemos, no reside en ning\u00fan credo si confesi\u00f3n de fe, sino en la\u00a0Palabra de Dios.<\/p>\n\n\n\n<p><strong>LAS ESCRITURAS:<\/strong><\/p>\n\n\n\n<p>La Santa biblia fue escrita por hombres divinamente inspirados y es el registro de la revelaci\u00f3n que Dios hace de s\u00ed mismo al\u00a0\u00a0hombre.\u00a0Es un perfecto tesoro de instrucci\u00f3n divina. Su autor es Dios, su fin es la salvaci\u00f3n y su asunto es la verdad sin ninguna mezcla de error.Revela los principios por los cuales Dios nos juzga, y por tanto es y ser\u00e1 hasta el fin del mundo el verdadero centro de la uni\u00f3n cristiana. El criterio por el cual la Biblia ha de ser\u00a0 interpretada es Cristo Jes\u00fas.\u00a0 Ex. 24:4; Dt. 4:1-2; Jos. 8:34; Mt.5:17; Lc. 21:33; Ro. 15:4; He. 1:1-2; 1Pedro 1:25.<\/p>\n\n\n\n<p><strong>DIOS:<\/strong><\/p>\n\n\n\n<p>Hay un solo Dios verdadero y viviente.\u00a0 Es un ser inteligente, espiritual y personal, el Creador, Redentor, Conservador y gobernante del\u00a0universo.\u00a0 Dios es infinito en Santidad y en todas las otras perfecciones.\u00a0 El Dios eterno se nos revela \u00e9l mismo, como Padre, Hijo y Esp\u00edritu Santo, con atributos personales distintos, pero sin divisi\u00f3n de naturaleza, esencia o ser.<\/p>\n\n\n\n<p><strong>DIOS&nbsp; PADRE<\/strong>:<\/p>\n\n\n\n<p>Dios, como Padre, reina con cuidado&nbsp; providencial en su universo, en sus criaturas\ny en la corriente de los r\u00edos de la historia humana, seg\u00fan los prop\u00f3sitos de su\ngracia.&nbsp; Gn 1:1; 2-7; Lv. 22:2,&nbsp; 1Cr.29:10; Mt. 6:9-13; 7:11; 23:9; Mr.\n1:9-11; Jn.4:24; 5:26; 14:6-13.<\/p>\n\n\n\n<p><strong>DIOS HIJO:<\/strong><\/p>\n\n\n\n<p>Cristo es el Hijo Eterno de Dios en su\u00a0 encarnaci\u00f3n. Fue\u00a0\u00a0 concebido del Esp\u00edritu Santo y nacido de la virgen Mar\u00eda. Jes\u00fas revel\u00f3 y\u00a0cumpli\u00f3 plenamente la voluntad de Dios tomando sobre el mismo las necesidades y las demandas de la naturaleza humana, e identific\u00e1ndose completamente con la\u00a0humanidad y sin embargo, no tiene pecado.\u00a0\u00a0 En su muerte en la cruz provey\u00f3 la redenci\u00f3n del hombre.\u00a0 Fue levantado de entre los muertos con un cuerpo glorificado.\u00a0 Ascendi\u00f3 a los cielos y ahora est\u00e1 exaltado a la diestra de Dios Padre donde \u00e9l es el \u00fanico mediador.\u00a0El volver\u00e1 con poder y gloria para juzgar al mundo, para consumar su misi\u00f3n redentora.\u00a0\u00a0 El ahora mora en todos los creyentes como el Se\u00f1or viviente y omnipresente.\u00a0 Sal. 2:7-12; 110;1; Isa. 7:14; Mt. 1:18-23; 3:17; 8:28; 11:27; Mr.1:1; Hech. 2:22-24.Ro. 1:3-4; 3:23-26; <\/p>\n\n\n\n<p><strong>DIOS ESPIRITU SANTO<\/strong>:<\/p>\n\n\n\n<p>El Esp\u00edritu Santo es el Esp\u00edritu de Dios.\u00a0Mediante la iluminaci\u00f3n \u00e9l capacita a los\u00a0 hombres para que entienda la verdad, exalta a Cristo, convence de pecado, de justicia y de\u00a0 juicio.\u00a0 Llama a los hombres para que acudan al Salvador, y efect\u00faa la regeneraci\u00f3n. Cultiva el car\u00e1cter cristiano, conforta a los creyentes y les otorga los dones espirituales por medio de los cuales ellos sirven a Dios en la Iglesia. El sella al creyente hasta el d\u00eda de la redenci\u00f3n final. Jn. 4:24; 14:16; Hech. 1:8; 2:1-4; 1 Cor. 2:10-14: 3:16; 12:3-11; G\u00e1.4:6; Ef.1:13; I Tes.5:19.<\/p>\n\n\n\n<p><strong>SU SEGUNDA VENIDA<\/strong>:<\/p>\n\n\n\n<p>Dios a su tiempo y a su manera traer\u00e1\u00a0 al mundo a su fin\u00a0apropiado.\u00a0 Seg\u00fan su promesa, Cristo regresar\u00e1 a la tierra de una manera personal y visible en gloria, los muertos ser\u00e1n resucitados y glorificados recibir\u00e1n su galard\u00f3n y morar\u00e1n para\u00a0 siempre con \u00e9l.\u00a0 Is. 2:4-11; Mt. 16:27; 18:8-9; Jn.14:1-3; Ro. 14:10; 1Cor. 4:5; 15:24-28; 1Ts. 4:14-18.<\/p>\n\n\n\n<p><strong>EL HOMBRE<\/strong>:<\/p>\n\n\n\n<p>Dios, por un acto especial, cre\u00f3 a su propia imagen al hombre, por lo mismo, \u00e9ste es la obra culminante de la creaci\u00f3n de Dios. En el\u00a0 principio el hombre era inocente de pecado.\u00a0 El hombre pec\u00f3 en contra de Dios e introdujo el\u00a0pecado en la raza humana.\u00a0Mediante la tentaci\u00f3n de Satan\u00e1s, el hombre transgredi\u00f3 el mandamiento de Dios y perdi\u00f3 su inocencia original.\u00a0 Por esto, su posteridad hered\u00f3 una\u00a0naturaleza y un ambiente con tendencias a pecar.\u00a0 Solamente la gracia de Dios puede hacer que el hombre vuelva a estar en comuni\u00f3n con Dios.\u00a0Gn. 1:26-30; 2:5-7; Mt.16:26; Jn.3:16; <\/p>\n\n\n\n<p><strong>LA SALVACI\u00d3N<\/strong>.<\/p>\n\n\n\n<p>La salvaci\u00f3n comprende la redenci\u00f3n del ser humano, se ofrece de manera gratuita a todos aquellos que aceptan a Jesucristo como Salvador y Se\u00f1or, quien con su propia sangre obtuvo la redenci\u00f3n eterna para el creyente.\u00a0 Son necesarios el ARREPENTIMIENTO Y LA FE,\u00a0 Jn. 1:11-14; 3:3-21; Hch. 2:21; 4:12; Ro. 1:16-18; 3:23-25; 5:8-10; 1 TEs. 5:23-24; He. 9:24-28; 1Juan. 1:6; 2:11. dos, y Cristo juzgar\u00e1 en justicia a todos los hombres.\u00a0 Los imp\u00edos\u00a0 ser\u00e1n consignados a<\/p>\n\n\n\n<p><strong>LA IGLESIA LOCAL<\/strong><\/p>\n\n\n\n<p>Una Iglesia Neo testamentaria del Se\u00f1or Jesucristo es un cuerpo local de creyentes\u00a0bautizados, los cuales est\u00e1n asociados, por\u00a0\u00a0 medio de un pacto en la fe, y en la\u00a0\u00a0 confraternidad del\u00a0\u00a0\u00a0 evangelio, observan las dos ordenanzas de\u00a0\u00a0 Cristo y se someten a las ense\u00f1anzas de El.\u00a0 Ejercitan los dones, con los cuales son dotados por su Palabra, y procuran anunciar el evangelio hasta los fines de la tierra.\u00a0 La Iglesia es un cuerpo aut\u00f3nomo, que obra por medio de un procedimiento\u00a0democr\u00e1tico bajo el Se\u00f1or\u00edo de Jesucristo.\u00a0Mt. 16:15; 18:15-20; Hech. 2:41; 5;11-14;\u00a0\u00a0\u00a0\u00a0 6:3-6; Ro. 1:7, 1 Cor. 1:2; 3:16; Ef. 1:22-23; 2:19-22; 3:8-11; Fil 1:1.<\/p>\n\n\n\n<p><strong>EL BAUTISMO Y LA CENA DEL SE\u00d1OR<\/strong><\/p>\n\n\n\n<p>El bautismo lo practicamos por medio de sumergir en agua al creyente, en el nombre del Padre, del Hijo y del Esp\u00edritu Santo, es un acto de obediencia que simboliza la fe del creyente en un Salvador que fue crucificado, sepultado y resucitado.\u00a0 La muerte del creyente al pecado, la resurrecci\u00f3n para andar en novedad de vida en Cristo Jes\u00fas.<\/p>\n\n\n\n<p>La cena del Se\u00f1or es un acto simb\u00f3lico de obediencia por el cual los miembros de la iglesia, al participar del pan y del fruto de la vid,\u00a0\u00a0\u00a0\u00a0\u00a0 rememoran la muerte del Redentor y anuncian su segunda venida.\u00a0 Ex. 20:8-11; Mt.12:12; 28:1-7; Hech. 20:7; 1 Cor. 16:1-2; Col. 2:16; 3:16; Ap. 1:10.<\/p>\n\n\n\n<p><strong>EVANGELIZACI\u00d3N Y MISIONES<\/strong><\/p>\n\n\n\n<p>Lo consideramos como nuestro privilegio y como nuestro deber.\u00a0Cada iglesia del Se\u00f1or Jes\u00fas debe esforzarse por hacer disc\u00edpulos de todas las naciones.\u00a0\u00a0 El esfuerzo misionero\u00a0\u00a0 depende de una necesidad espiritual de la vida regenerada y es repetidamente ordenado en las ense\u00f1anzas de\u00a0\u00a0 Cristo. Mt. 9:37; 10:5-15;\u00a0\u00a0\u00a0 13:18-30; Hech. 1:8;\u00a0 8;26-40<\/p>\n\n\n\n<p><strong>MAYORDOM\u00cdA<\/strong><\/p>\n\n\n\n<p>Dios es la fuente de todas las bendiciones temporales y espirituales. Todo lo que tenemos y lo que somos se lo debemos a \u00e9l.\u00a0\u00a0 Por tanto, estamos bajo obligaci\u00f3n de servir a Dios con\u00a0\u00a0 tiempo, talentos y posesiones materiales y\u00a0 reconoce que todo esto nos ha sido confiado, a fin de usarlo para la honra y la gloria de Dios y para ayudar a otros. De acuerdo con las escrituras los cristianos debemos contribuir alegremente con lo que Dios nos ha provisto para la extensi\u00f3n del reino de Dios en la tierra. Gn. 14:20; Dt. 8:18; Mal. 3:8.12; Mt. 6:1-4; Lc. 12:16-21; Ro. 6:6-22<\/p>\n\n\n\n<p><strong>EL MATRIMONIO Y LA FAMILIA<\/strong><\/p>\n\n\n\n<p>El matrimonio entre el hombre y la mujer es\u00a0ordenado por Dios, la felicidad en la vida familiar tiene mayor probabilidad de lograrse cuando se basa en las ense\u00f1anzas del Se\u00f1or Jesucristo.<\/p>\n\n\n\n<p>Los padres deben criar a sus hijos con amor y\u00a0 rectitud, y proveer para sus necesidades f\u00edsicas y espirituales. El esposo y la esposa tienen la solemne\u00a0 responsabilidad de amarse y cuidarse el uno al otro.\u00a0 \u00a0G\u00e9nesis 2:24;\u00a0Salmos 127:3;\u00a0Malaqu\u00edas 4:5\u20136;\u00a0<\/p>\n","protected":false},"excerpt":{"rendered":"<p>DECLARACION DE FE Nuestra declaraci\u00f3n de fe Bautista, tiene como \u00fanico prop\u00f3sito guiar a las personas a que conozcan nuestras creencias. No es un intento de agregar algo m\u00e1s a las Sagradas Escrituras sino una presentaci\u00f3n sistem\u00e1tica de lo que se ense\u00f1a en ellas. La autoridad para\u00a0 fundamentar lo que creemos, no reside en ning\u00fan [&hellip;]<\/p>\n","protected":false},"author":1,"featured_media":0,"parent":19,"menu_order":0,"comment_status":"closed","ping_status":"closed","template":"","meta":{"spay_email":"","footnotes":""},"_links":{"self":[{"href":"https:\/\/facultadbautista.org\/index.php\/wp-json\/wp\/v2\/pages\/76"}],"collection":[{"href":"https:\/\/facultadbautista.org\/index.php\/wp-json\/wp\/v2\/pages"}],"about":[{"href":"https:\/\/facultadbautista.org\/index.php\/wp-json\/wp\/v2\/types\/page"}],"author":[{"embeddable":true,"href":"https:\/\/facultadbautista.org\/index.php\/wp-json\/wp\/v2\/users\/1"}],"replies":[{"embeddable":true,"href":"https:\/\/facultadbautista.org\/index.php\/wp-json\/wp\/v2\/comments?post=76"}],"version-history":[{"count":3,"href":"https:\/\/facultadbautista.org\/index.php\/wp-json\/wp\/v2\/pages\/76\/revisions"}],"predecessor-version":[{"id":268,"href":"https:\/\/facultadbautista.org\/index.php\/wp-json\/wp\/v2\/pages\/76\/revisions\/268"}],"up":[{"embeddable":true,"href":"https:\/\/facultadbautista.org\/index.php\/wp-json\/wp\/v2\/pages\/19"}],"wp:attachment":[{"href":"https:\/\/facultadbautista.org\/index.php\/wp-json\/wp\/v2\/media?parent=76"}],"curies":[{"name":"wp","href":"https:\/\/api.w.org\/{rel}","templated":true}]}}