{"id":79,"date":"2020-03-26T02:16:59","date_gmt":"2020-03-26T02:16:59","guid":{"rendered":"https:\/\/faultadbautista.org\/?page_id=79"},"modified":"2020-03-28T23:07:29","modified_gmt":"2020-03-28T23:07:29","slug":"principios-denominacionales","status":"publish","type":"page","link":"https:\/\/facultadbautista.org\/index.php\/seminario\/principios-denominacionales\/","title":{"rendered":"Principios Denominacionales"},"content":{"rendered":"\n<p>Como\nDenominaci\u00f3n sustentamos b\u00e1sicamente 7 principios fundamentales que son los que\nnos mueven y bajo esta direcci\u00f3n fundamentamos todo nuestro quehacer Teol\u00f3gico\ny eclesi\u00e1stico.<\/p>\n\n\n\n<p><strong>1- EL PRINCIPIO CRISTOLOGICO: El Se\u00f1or\u00edo De Cristo.<\/strong><\/p>\n\n\n\n<p>Solo\nCristo es Rey y Se\u00f1or del Universo, Es Dios mismo encarnado, es el \u00fanico\nSalvador de todo ser humano que crea en El como el Se\u00f1or de su vida. \u00c9l es el\n\u00fanico que merece toda la adoraci\u00f3n de toda la humanidad (Filipenses 2:10-11;\nJuan 1:1-3; Juan 14:6; Apocalipsis 5:12)<\/p>\n\n\n\n<p><strong>2- EL PRINCIPIO BIBLICO: La autoridad del nuevo testamento.<\/strong><\/p>\n\n\n\n<p>La\nBiblia es nuestra \u00fanica norma de fe y conducta; Todo lo que creemos, lo que\npredicamos, lo que cantamos y en general lo que vivimos como creyentes\nindividualmente y como iglesia debe de estar sustentado en la Biblia que es la\nrevelaci\u00f3n de Dios para el ser humano, no basamos nuestras creencias en\ntradiciones ni revelaciones humanas contrarias al Nuevo testamento. (Isa\u00edas\n18:20; 2 Timoteo 3:16; Hebreos 4:12; 1 Pedro 1:19-21).<\/p>\n\n\n\n<p><strong>3- EL PRINCIPIO ECLESIASTICO: Una membres\u00eda Regenerada.<\/strong><\/p>\n\n\n\n<p>Creemos\nque el verdadero creyente en Jesucristo que se arrepiente sinceramente de sus\npecados, tiene un nuevo nacimiento espiritual que implica un cambio moral\npositivo en su criterio y conducta que resulta en beneficio de s\u00ed mismo, de su\nfamilia y de la sociedad (Juan.3:3-6;Hechos 2:37-38, 2Corintios 5:17; G\u00e1latas\n2:20).<\/p>\n\n\n\n<p><strong>4- EL PRINCIPIO SOCIOLOGICO: Un gobierno un orden democr\u00e1tico.<\/strong><\/p>\n\n\n\n<p>Todo\nser humano de todas la razas, de todos los tiempos, de todos los niveles\nsocioecon\u00f3micos tienen el mismo valor ante Dios y ante los gobernantes y ante\nla iglesia, por tanto deben ser trataos por igual y as\u00ed Dios lo requiere.\n(Hechos 10:34; Romanos 2:11; Efesios 6:9; Colosenses 3:25)<\/p>\n\n\n\n<p><strong>5- EL PRINCIPIO ESPIRITUAL: La libertad de fe y de conciencia.<\/strong><\/p>\n\n\n\n<p>Todo\nser humano es libre de creer lo que le parezca y poner su fe en lo que le\nconvence, nadie debe de imponer una creencia o religi\u00f3n obligada si la persona\ntiene&nbsp; mayor\u00eda de edad y sus facultades\nmentales normales. El gobierno no debe imponer la religi\u00f3n oficial ni reprimir\nla libertad. Dios nos dio libre albedr\u00edo, capacidad de decisi\u00f3n propia y\ncriterio anal\u00edtico para buscar su perfecta voluntad Divina. (G\u00e9nesis 2:16-17;\nSalmos 40:8; Marcos 1:16-20, Lucas 99:23).<\/p>\n\n\n\n<p><strong>6- PRINCIPIO POL\u00cdTICO: La separaci\u00f3n de la Iglesia y el Estado.<\/strong><\/p>\n\n\n\n<p>Reconocemos\nque los gobiernos seculares son puestos por Dios como m\u00e1xima autoridad en el\nuniverso pues \u00c9l es soberano Rey de reyes y Se\u00f1or de se\u00f1ores. Las autoridades\nhumanas deben ser respetadas y obedecidas hasta donde no se opongan a la\nautoridad Divina, y nunca deben mezclarse lo pol\u00edtico con lo espiritual, ya que\nresulta una imposici\u00f3n. (Romanos 13:1-7; 1 Timoteo 6:14-16; Mateo 22-17-21)<\/p>\n\n\n\n<p><strong>7- EL PRINCIPIO EVANGEL\u00cdSTICO: El Evangelismo y las Misiones.<\/strong><\/p>\n\n\n\n<p>La\niglesia de Cristo tiene como prop\u00f3sito principal establecer el Reino de Dios en\nla tierra, cada creyente debe enfocarse a ganar a otros para Jesucristo,\ncompartiendo el mensaje de salvaci\u00f3n a toda persona y levarlos al bautismo por\ninmersi\u00f3n como testimonio de la muerte, &nbsp;sepultura&nbsp;&nbsp;\ny resurrecci\u00f3n de Cristo y del creyente en El. Apoyar la obra misionera,\nen mi ciudad, estado y pa\u00eds y hasta lo \u00faltimo de la tierra.<\/p>\n\n\n\n<p>(Mateo\n3:2; 28:18-20; Colosenses 1:27-28; Hechos 1:8)<\/p>\n","protected":false},"excerpt":{"rendered":"<p>Como Denominaci\u00f3n sustentamos b\u00e1sicamente 7 principios fundamentales que son los que nos mueven y bajo esta direcci\u00f3n fundamentamos todo nuestro quehacer Teol\u00f3gico y eclesi\u00e1stico. 1- EL PRINCIPIO CRISTOLOGICO: El Se\u00f1or\u00edo De Cristo. Solo Cristo es Rey y Se\u00f1or del Universo, Es Dios mismo encarnado, es el \u00fanico Salvador de todo ser humano que crea en [&hellip;]<\/p>\n","protected":false},"author":1,"featured_media":0,"parent":19,"menu_order":0,"comment_status":"closed","ping_status":"closed","template":"","meta":{"spay_email":"","footnotes":""},"_links":{"self":[{"href":"https:\/\/facultadbautista.org\/index.php\/wp-json\/wp\/v2\/pages\/79"}],"collection":[{"href":"https:\/\/facultadbautista.org\/index.php\/wp-json\/wp\/v2\/pages"}],"about":[{"href":"https:\/\/facultadbautista.org\/index.php\/wp-json\/wp\/v2\/types\/page"}],"author":[{"embeddable":true,"href":"https:\/\/facultadbautista.org\/index.php\/wp-json\/wp\/v2\/users\/1"}],"replies":[{"embeddable":true,"href":"https:\/\/facultadbautista.org\/index.php\/wp-json\/wp\/v2\/comments?post=79"}],"version-history":[{"count":2,"href":"https:\/\/facultadbautista.org\/index.php\/wp-json\/wp\/v2\/pages\/79\/revisions"}],"predecessor-version":[{"id":122,"href":"https:\/\/facultadbautista.org\/index.php\/wp-json\/wp\/v2\/pages\/79\/revisions\/122"}],"up":[{"embeddable":true,"href":"https:\/\/facultadbautista.org\/index.php\/wp-json\/wp\/v2\/pages\/19"}],"wp:attachment":[{"href":"https:\/\/facultadbautista.org\/index.php\/wp-json\/wp\/v2\/media?parent=79"}],"curies":[{"name":"wp","href":"https:\/\/api.w.org\/{rel}","templated":true}]}}