{"id":82,"date":"2020-03-26T02:21:35","date_gmt":"2020-03-26T02:21:35","guid":{"rendered":"https:\/\/faultadbautista.org\/?page_id=82"},"modified":"2021-01-21T19:45:07","modified_gmt":"2021-01-21T19:45:07","slug":"estudios","status":"publish","type":"page","link":"https:\/\/facultadbautista.org\/index.php\/seminario\/estudios\/","title":{"rendered":"Estudios"},"content":{"rendered":"\t\t<div data-elementor-type=\"wp-page\" data-elementor-id=\"82\" class=\"elementor elementor-82\">\n\t\t\t\t\t\t<div class=\"elementor-inner\">\n\t\t\t\t<div class=\"elementor-section-wrap\">\n\t\t\t\t\t\t\t\t\t<section class=\"elementor-section elementor-top-section elementor-element elementor-element-588de6a elementor-section-boxed elementor-section-height-default elementor-section-height-default\" data-id=\"588de6a\" data-element_type=\"section\">\n\t\t\t\t\t\t<div class=\"elementor-container elementor-column-gap-default\">\n\t\t\t\t\t\t\t<div class=\"elementor-row\">\n\t\t\t\t\t<div class=\"elementor-column elementor-col-100 elementor-top-column elementor-element elementor-element-4c4525e\" data-id=\"4c4525e\" data-element_type=\"column\">\n\t\t\t<div class=\"elementor-column-wrap elementor-element-populated\">\n\t\t\t\t\t\t\t<div class=\"elementor-widget-wrap\">\n\t\t\t\t\t\t<div class=\"elementor-element elementor-element-6f4f365 elementor-widget elementor-widget-text-editor\" data-id=\"6f4f365\" data-element_type=\"widget\" data-widget_type=\"text-editor.default\">\n\t\t\t\t<div class=\"elementor-widget-container\">\n\t\t\t\t\t\t\t\t<div class=\"elementor-text-editor elementor-clearfix\">\n\t\t\t\t<p>En la Facultad Teol\u00f3gica Bautista de Guatemala contamos con un programa de estudio que capacita a los llamados al ministerio.<\/p><p>A continuaci\u00f3n, encontrara una descripci\u00f3n de nuestros programas (Diplomado en Estudios B\u00edblicos, Bachillerato en Teolog\u00eda, Profesorado en Teolog\u00eda, Licenciatura en Teolog\u00eda y Maestr\u00eda en Teolog\u00eda).<\/p>\t\t\t\t\t<\/div>\n\t\t\t\t\t\t<\/div>\n\t\t\t\t<\/div>\n\t\t\t\t\t\t<\/div>\n\t\t\t\t\t<\/div>\n\t\t<\/div>\n\t\t\t\t\t\t\t\t<\/div>\n\t\t\t\t\t<\/div>\n\t\t<\/section>\n\t\t\t\t\t\t\t\t\t<\/div>\n\t\t\t<\/div>\n\t\t\t\t\t<\/div>\n\t\t","protected":false},"excerpt":{"rendered":"<p>En la Facultad Teol\u00f3gica Bautista de Guatemala contamos con un programa de estudio que capacita a los llamados al ministerio. A continuaci\u00f3n, encontrara una descripci\u00f3n de nuestros programas (Diplomado en Estudios B\u00edblicos, Bachillerato en Teolog\u00eda, Profesorado en Teolog\u00eda, Licenciatura en Teolog\u00eda y Maestr\u00eda en Teolog\u00eda).<\/p>\n","protected":false},"author":1,"featured_media":0,"parent":19,"menu_order":0,"comment_status":"closed","ping_status":"closed","template":"","meta":{"spay_email":"","footnotes":""},"_links":{"self":[{"href":"https:\/\/facultadbautista.org\/index.php\/wp-json\/wp\/v2\/pages\/82"}],"collection":[{"href":"https:\/\/facultadbautista.org\/index.php\/wp-json\/wp\/v2\/pages"}],"about":[{"href":"https:\/\/facultadbautista.org\/index.php\/wp-json\/wp\/v2\/types\/page"}],"author":[{"embeddable":true,"href":"https:\/\/facultadbautista.org\/index.php\/wp-json\/wp\/v2\/users\/1"}],"replies":[{"embeddable":true,"href":"https:\/\/facultadbautista.org\/index.php\/wp-json\/wp\/v2\/comments?post=82"}],"version-history":[{"count":22,"href":"https:\/\/facultadbautista.org\/index.php\/wp-json\/wp\/v2\/pages\/82\/revisions"}],"predecessor-version":[{"id":265,"href":"https:\/\/facultadbautista.org\/index.php\/wp-json\/wp\/v2\/pages\/82\/revisions\/265"}],"up":[{"embeddable":true,"href":"https:\/\/facultadbautista.org\/index.php\/wp-json\/wp\/v2\/pages\/19"}],"wp:attachment":[{"href":"https:\/\/facultadbautista.org\/index.php\/wp-json\/wp\/v2\/media?parent=82"}],"curies":[{"name":"wp","href":"https:\/\/api.w.org\/{rel}","templated":true}]}}